{"id":1072,"date":"2025-12-19T14:58:24","date_gmt":"2025-12-19T13:58:24","guid":{"rendered":"https:\/\/www.rabbitontheroof.net\/story\/"},"modified":"2026-03-02T10:04:36","modified_gmt":"2026-03-02T09:04:36","slug":"story","status":"publish","type":"page","link":"https:\/\/www.rabbitontheroof.net\/en\/story\/","title":{"rendered":"Story"},"content":{"rendered":"\t\t<div data-elementor-type=\"wp-page\" data-elementor-id=\"1072\" class=\"elementor elementor-1072 elementor-165\" data-elementor-post-type=\"page\">\n\t\t\t\t<div class=\"elementor-element elementor-element-75d0d09 e-flex e-con-boxed e-con e-parent\" data-id=\"75d0d09\" data-element_type=\"container\" data-e-type=\"container\">\n\t\t\t\t\t<div class=\"e-con-inner\">\n\t\t\t\t<div class=\"elementor-element elementor-element-ef180b9 elementor-widget elementor-widget-image\" data-id=\"ef180b9\" data-element_type=\"widget\" data-e-type=\"widget\" data-widget_type=\"image.default\">\n\t\t\t\t\t\t\t\t\t\t\t\t\t\t\t<img fetchpriority=\"high\" decoding=\"async\" width=\"800\" height=\"329\" src=\"https:\/\/www.rabbitontheroof.net\/wp-content\/uploads\/2025\/12\/l-histoire-1024x421.jpg\" class=\"attachment-large size-large wp-image-1068\" alt=\"\" srcset=\"https:\/\/www.rabbitontheroof.net\/wp-content\/uploads\/2025\/12\/l-histoire-1024x421.jpg 1024w, https:\/\/www.rabbitontheroof.net\/wp-content\/uploads\/2025\/12\/l-histoire-300x123.jpg 300w, https:\/\/www.rabbitontheroof.net\/wp-content\/uploads\/2025\/12\/l-histoire-768x316.jpg 768w, https:\/\/www.rabbitontheroof.net\/wp-content\/uploads\/2025\/12\/l-histoire.jpg 1240w\" sizes=\"(max-width: 800px) 100vw, 800px\" \/>\t\t\t\t\t\t\t\t\t\t\t\t\t\t\t<\/div>\n\t\t\t\t\t<\/div>\n\t\t\t\t<\/div>\n\t\t<div class=\"elementor-element elementor-element-3dee4df e-flex e-con-boxed e-con e-parent\" data-id=\"3dee4df\" data-element_type=\"container\" data-e-type=\"container\">\n\t\t\t\t\t<div class=\"e-con-inner\">\n\t\t<div class=\"elementor-element elementor-element-86cbb08 e-con-full e-flex e-con e-child\" data-id=\"86cbb08\" data-element_type=\"container\" data-e-type=\"container\">\n\t\t\t\t<div class=\"elementor-element elementor-element-7536a44 elementor-widget elementor-widget-heading\" data-id=\"7536a44\" data-element_type=\"widget\" data-e-type=\"widget\" data-widget_type=\"heading.default\">\n\t\t\t\t\t<h2 class=\"elementor-heading-title elementor-size-default\">The Story<\/h2>\t\t\t\t<\/div>\n\t\t\t\t<div class=\"elementor-element elementor-element-04717d9 elementor-widget elementor-widget-text-editor\" data-id=\"04717d9\" data-element_type=\"widget\" data-e-type=\"widget\" data-widget_type=\"text-editor.default\">\n\t\t\t\t\t\t\t\t\t<p>Rabbit on the Roof was born from the singular journey of Peter Steltzner, a craftsman whose life moves between two passions: wood and the mountains. Originally from Sausalito, California, Peter grew up surrounded by the ocean, artisan workshops, and a culture rooted in the mastery of gesture. He first studied ceramics before dedicating himself to wood, becoming a cabinetmaker and working notably in Paris within the world of high-end furniture.<\/p><p>Over time, a deeper calling emerged \u2014 that of winter, of the glide, of the peaks. Peter left Paris for the Chamonix Valley, finding refuge in a former hydraulic mill in Les Praz. Here, in the heart of the mountains, everything found its meaning: wood, gesture, art, and the glide. The Mill, this singular place shaped by flowing water, became his workshop, his home, and a creative space shared with his partner and collaborator, Anati Graetz.<\/p>\t\t\t\t\t\t\t\t<\/div>\n\t\t\t\t<\/div>\n\t\t<div class=\"elementor-element elementor-element-3ce17ac e-con-full e-flex e-con e-child\" data-id=\"3ce17ac\" data-element_type=\"container\" data-e-type=\"container\">\n\t\t\t\t<div class=\"elementor-element elementor-element-4af0ae6 elementor-widget elementor-widget-image\" data-id=\"4af0ae6\" data-element_type=\"widget\" data-e-type=\"widget\" data-widget_type=\"image.default\">\n\t\t\t\t\t\t\t\t\t\t\t\t\t\t\t<img decoding=\"async\" width=\"620\" height=\"641\" src=\"https:\/\/www.rabbitontheroof.net\/wp-content\/uploads\/2025\/12\/Peter-Steltzner.jpg\" class=\"attachment-large size-large wp-image-1069\" alt=\"\" srcset=\"https:\/\/www.rabbitontheroof.net\/wp-content\/uploads\/2025\/12\/Peter-Steltzner.jpg 620w, https:\/\/www.rabbitontheroof.net\/wp-content\/uploads\/2025\/12\/Peter-Steltzner-290x300.jpg 290w\" sizes=\"(max-width: 620px) 100vw, 620px\" \/>\t\t\t\t\t\t\t\t\t\t\t\t\t\t\t<\/div>\n\t\t\t\t<\/div>\n\t\t\t\t\t<\/div>\n\t\t\t\t<\/div>\n\t\t<div class=\"elementor-element elementor-element-72d55d5 e-flex e-con-boxed e-con e-parent\" data-id=\"72d55d5\" data-element_type=\"container\" data-e-type=\"container\">\n\t\t\t\t\t<div class=\"e-con-inner\">\n\t\t\t\t<div class=\"elementor-element elementor-element-cc8338f elementor-widget__width-initial elementor-widget elementor-widget-heading\" data-id=\"cc8338f\" data-element_type=\"widget\" data-e-type=\"widget\" data-widget_type=\"heading.default\">\n\t\t\t\t\t<h2 class=\"elementor-heading-title elementor-size-default\">\u201cHere, at the heart of the mountains, everything makes sense: the wood, the gesture, the art, and the glide\u2026\u201d<\/h2>\t\t\t\t<\/div>\n\t\t\t\t\t<\/div>\n\t\t\t\t<\/div>\n\t\t<div class=\"elementor-element elementor-element-89c7e01 e-flex e-con-boxed e-con e-parent\" data-id=\"89c7e01\" data-element_type=\"container\" data-e-type=\"container\">\n\t\t\t\t\t<div class=\"e-con-inner\">\n\t\t<div class=\"elementor-element elementor-element-7360947 e-con-full e-flex e-con e-child\" data-id=\"7360947\" data-element_type=\"container\" data-e-type=\"container\">\n\t\t\t\t<div class=\"elementor-element elementor-element-cb3612a elementor-widget elementor-widget-text-editor\" data-id=\"cb3612a\" data-element_type=\"widget\" data-e-type=\"widget\" data-widget_type=\"text-editor.default\">\n\t\t\t\t\t\t\t\t\t<p>C\u2019est \u00e0 Montreuil, en r\u00e9gion parisienne, que Rabbit on the Roof est n\u00e9 en 2005 avant de s\u2019installer \u00e0 Chamonix en 2010. C\u2019est une marque de skis fa\u00e7onn\u00e9s \u00e0 la main, fruit d\u2019un savoir-faire d\u2019\u00e9b\u00e9niste alli\u00e9 \u00e0 des mat\u00e9riaux modernes. Chaque paire est unique : un noyau en bois massif, des fibres techniques soigneusement travaill\u00e9es, et une finition qui laisse s\u2019exprimer la noblesse de la mati\u00e8re. Peter cherche l\u2019\u00e9quilibre \u2014 la rencontre subtile entre performance, sensibilit\u00e9 et esth\u00e9tique. Pour lui, le ski est un objet vivant, qui se patine, \u00e9volue et raconte l\u2019histoire de celui qui le porte.    <\/p>\n<p>In 2016, a fire devastated the mill, destroying the living quarters, the workshop, tools, artworks, and carefully selected wood. But the Chamonix community rallied together Thanks to their support, Peter and Anati saved what mattered most, inspiration, and rebuilt. The adventure continued with even greater determination and purpose.<\/p>\n<p>Today, Rabbit on the Roof is far more than a ski manufacturer: it is a workshop where art meets the mountains, where every ski is conceived as a unique piece, crafted to allow each skier to draw their own line on the snow.<\/p>\n<p>A place founded on the belief that skiing is a free, instinctive movement \u2014 and that a ski can be both a high-performance tool and an object of emotion.<\/p>\t\t\t\t\t\t\t\t<\/div>\n\t\t\t\t<\/div>\n\t\t<div class=\"elementor-element elementor-element-03d6766 e-con-full e-flex e-con e-child\" data-id=\"03d6766\" data-element_type=\"container\" data-e-type=\"container\">\n\t\t\t\t<div class=\"elementor-element elementor-element-dd9c10b elementor-widget elementor-widget-image\" data-id=\"dd9c10b\" data-element_type=\"widget\" data-e-type=\"widget\" data-widget_type=\"image.default\">\n\t\t\t\t\t\t\t\t\t\t\t\t\t\t\t<img decoding=\"async\" width=\"732\" height=\"1024\" src=\"https:\/\/www.rabbitontheroof.net\/wp-content\/uploads\/2026\/01\/Peter-et-Anati-Alpin-Classique-732x1024.jpg\" class=\"attachment-large size-large wp-image-1070\" alt=\"\" srcset=\"https:\/\/www.rabbitontheroof.net\/wp-content\/uploads\/2026\/01\/Peter-et-Anati-Alpin-Classique-732x1024.jpg 732w, https:\/\/www.rabbitontheroof.net\/wp-content\/uploads\/2026\/01\/Peter-et-Anati-Alpin-Classique-214x300.jpg 214w, https:\/\/www.rabbitontheroof.net\/wp-content\/uploads\/2026\/01\/Peter-et-Anati-Alpin-Classique-768x1074.jpg 768w, https:\/\/www.rabbitontheroof.net\/wp-content\/uploads\/2026\/01\/Peter-et-Anati-Alpin-Classique-1098x1536.jpg 1098w, https:\/\/www.rabbitontheroof.net\/wp-content\/uploads\/2026\/01\/Peter-et-Anati-Alpin-Classique.jpg 1464w\" sizes=\"(max-width: 732px) 100vw, 732px\" \/>\t\t\t\t\t\t\t\t\t\t\t\t\t\t\t<\/div>\n\t\t\t\t<\/div>\n\t\t\t\t\t<\/div>\n\t\t\t\t<\/div>\n\t\t<div class=\"elementor-element elementor-element-760dde8 e-flex e-con-boxed e-con e-parent\" data-id=\"760dde8\" data-element_type=\"container\" data-e-type=\"container\">\n\t\t\t\t\t<div class=\"e-con-inner\">\n\t\t\t\t<div class=\"elementor-element elementor-element-e92e8ec elementor-widget elementor-widget-image\" data-id=\"e92e8ec\" data-element_type=\"widget\" data-e-type=\"widget\" data-widget_type=\"image.default\">\n\t\t\t\t\t\t\t\t\t\t\t\t\t\t\t<img loading=\"lazy\" decoding=\"async\" width=\"800\" height=\"458\" src=\"https:\/\/www.rabbitontheroof.net\/wp-content\/uploads\/2025\/12\/skis-rabbit-on-the-roof-1024x586.jpg\" class=\"attachment-large size-large wp-image-1071\" alt=\"\" srcset=\"https:\/\/www.rabbitontheroof.net\/wp-content\/uploads\/2025\/12\/skis-rabbit-on-the-roof-1024x586.jpg 1024w, https:\/\/www.rabbitontheroof.net\/wp-content\/uploads\/2025\/12\/skis-rabbit-on-the-roof-300x172.jpg 300w, https:\/\/www.rabbitontheroof.net\/wp-content\/uploads\/2025\/12\/skis-rabbit-on-the-roof-768x440.jpg 768w, https:\/\/www.rabbitontheroof.net\/wp-content\/uploads\/2025\/12\/skis-rabbit-on-the-roof.jpg 1240w\" sizes=\"(max-width: 800px) 100vw, 800px\" \/>\t\t\t\t\t\t\t\t\t\t\t\t\t\t\t<\/div>\n\t\t\t\t\t<\/div>\n\t\t\t\t<\/div>\n\t\t\t\t<\/div>\n\t\t","protected":false},"excerpt":{"rendered":"<p>The Story Rabbit on the Roof was born from the singular journey of Peter Steltzner, a craftsman whose life moves between two passions: wood and the mountains. Originally from Sausalito, California, Peter grew up surrounded by the ocean, artisan workshops, and a culture rooted in the mastery of gesture. He first studied ceramics before dedicating [&hellip;]<\/p>\n","protected":false},"author":1,"featured_media":0,"parent":0,"menu_order":0,"comment_status":"closed","ping_status":"closed","template":"","meta":{"footnotes":""},"class_list":["post-1072","page","type-page","status-publish","hentry"],"yoast_head":"<!-- This site is optimized with the Yoast SEO plugin v27.3 - https:\/\/yoast.com\/product\/yoast-seo-wordpress\/ -->\n<title>Story - Rabbit on the roof<\/title>\n<meta name=\"robots\" content=\"index, follow, max-snippet:-1, max-image-preview:large, max-video-preview:-1\" \/>\n<link rel=\"canonical\" href=\"https:\/\/www.rabbitontheroof.net\/en\/story\/\" \/>\n<meta property=\"og:locale\" content=\"en_US\" \/>\n<meta property=\"og:type\" content=\"article\" \/>\n<meta property=\"og:title\" content=\"Story - Rabbit on the roof\" \/>\n<meta property=\"og:description\" content=\"The Story Rabbit on the Roof was born from the singular journey of Peter Steltzner, a craftsman whose life moves between two passions: wood and the mountains. Originally from Sausalito, California, Peter grew up surrounded by the ocean, artisan workshops, and a culture rooted in the mastery of gesture. He first studied ceramics before dedicating [&hellip;]\" \/>\n<meta property=\"og:url\" content=\"https:\/\/www.rabbitontheroof.net\/en\/story\/\" \/>\n<meta property=\"og:site_name\" content=\"Rabbit on the roof\" \/>\n<meta property=\"article:publisher\" content=\"https:\/\/www.facebook.com\/rabbitontheroof.skis\" \/>\n<meta property=\"article:modified_time\" content=\"2026-03-02T09:04:36+00:00\" \/>\n<meta property=\"og:image\" content=\"https:\/\/www.rabbitontheroof.net\/wp-content\/uploads\/2025\/12\/l-histoire.jpg\" \/>\n\t<meta property=\"og:image:width\" content=\"1240\" \/>\n\t<meta property=\"og:image:height\" content=\"510\" \/>\n\t<meta property=\"og:image:type\" content=\"image\/jpeg\" \/>\n<meta name=\"twitter:card\" content=\"summary_large_image\" \/>\n<meta name=\"twitter:label1\" content=\"Est. reading time\" \/>\n\t<meta name=\"twitter:data1\" content=\"2 minutes\" \/>\n<script type=\"application\/ld+json\" class=\"yoast-schema-graph\">{\"@context\":\"https:\\\/\\\/schema.org\",\"@graph\":[{\"@type\":\"WebPage\",\"@id\":\"https:\\\/\\\/www.rabbitontheroof.net\\\/en\\\/story\\\/\",\"url\":\"https:\\\/\\\/www.rabbitontheroof.net\\\/en\\\/story\\\/\",\"name\":\"Story - Rabbit on the roof\",\"isPartOf\":{\"@id\":\"https:\\\/\\\/www.rabbitontheroof.net\\\/en\\\/#website\"},\"primaryImageOfPage\":{\"@id\":\"https:\\\/\\\/www.rabbitontheroof.net\\\/en\\\/story\\\/#primaryimage\"},\"image\":{\"@id\":\"https:\\\/\\\/www.rabbitontheroof.net\\\/en\\\/story\\\/#primaryimage\"},\"thumbnailUrl\":\"https:\\\/\\\/www.rabbitontheroof.net\\\/wp-content\\\/uploads\\\/2025\\\/12\\\/l-histoire-1024x421.jpg\",\"datePublished\":\"2025-12-19T13:58:24+00:00\",\"dateModified\":\"2026-03-02T09:04:36+00:00\",\"breadcrumb\":{\"@id\":\"https:\\\/\\\/www.rabbitontheroof.net\\\/en\\\/story\\\/#breadcrumb\"},\"inLanguage\":\"en-US\",\"potentialAction\":[{\"@type\":\"ReadAction\",\"target\":[\"https:\\\/\\\/www.rabbitontheroof.net\\\/en\\\/story\\\/\"]}]},{\"@type\":\"ImageObject\",\"inLanguage\":\"en-US\",\"@id\":\"https:\\\/\\\/www.rabbitontheroof.net\\\/en\\\/story\\\/#primaryimage\",\"url\":\"https:\\\/\\\/www.rabbitontheroof.net\\\/wp-content\\\/uploads\\\/2025\\\/12\\\/l-histoire-1024x421.jpg\",\"contentUrl\":\"https:\\\/\\\/www.rabbitontheroof.net\\\/wp-content\\\/uploads\\\/2025\\\/12\\\/l-histoire-1024x421.jpg\"},{\"@type\":\"BreadcrumbList\",\"@id\":\"https:\\\/\\\/www.rabbitontheroof.net\\\/en\\\/story\\\/#breadcrumb\",\"itemListElement\":[{\"@type\":\"ListItem\",\"position\":1,\"name\":\"Accueil\",\"item\":\"https:\\\/\\\/www.rabbitontheroof.net\\\/en\\\/home\\\/\"},{\"@type\":\"ListItem\",\"position\":2,\"name\":\"Story\"}]},{\"@type\":\"WebSite\",\"@id\":\"https:\\\/\\\/www.rabbitontheroof.net\\\/en\\\/#website\",\"url\":\"https:\\\/\\\/www.rabbitontheroof.net\\\/en\\\/\",\"name\":\"Rabbit on the roof\",\"description\":\"Skis sur mesure\",\"publisher\":{\"@id\":\"https:\\\/\\\/www.rabbitontheroof.net\\\/en\\\/#organization\"},\"potentialAction\":[{\"@type\":\"SearchAction\",\"target\":{\"@type\":\"EntryPoint\",\"urlTemplate\":\"https:\\\/\\\/www.rabbitontheroof.net\\\/en\\\/?s={search_term_string}\"},\"query-input\":{\"@type\":\"PropertyValueSpecification\",\"valueRequired\":true,\"valueName\":\"search_term_string\"}}],\"inLanguage\":\"en-US\"},{\"@type\":\"Organization\",\"@id\":\"https:\\\/\\\/www.rabbitontheroof.net\\\/en\\\/#organization\",\"name\":\"Rabbit on the roof\",\"url\":\"https:\\\/\\\/www.rabbitontheroof.net\\\/en\\\/\",\"logo\":{\"@type\":\"ImageObject\",\"inLanguage\":\"en-US\",\"@id\":\"https:\\\/\\\/www.rabbitontheroof.net\\\/en\\\/#\\\/schema\\\/logo\\\/image\\\/\",\"url\":\"https:\\\/\\\/www.rabbitontheroof.net\\\/wp-content\\\/uploads\\\/2025\\\/12\\\/rabbit-on-the-roof-arron.svg\",\"contentUrl\":\"https:\\\/\\\/www.rabbitontheroof.net\\\/wp-content\\\/uploads\\\/2025\\\/12\\\/rabbit-on-the-roof-arron.svg\",\"width\":90,\"height\":58,\"caption\":\"Rabbit on the roof\"},\"image\":{\"@id\":\"https:\\\/\\\/www.rabbitontheroof.net\\\/en\\\/#\\\/schema\\\/logo\\\/image\\\/\"},\"sameAs\":[\"https:\\\/\\\/www.facebook.com\\\/rabbitontheroof.skis\",\"https:\\\/\\\/www.instagram.com\\\/rabbitontheroof\\\/\"]}]}<\/script>\n<!-- \/ Yoast SEO plugin. -->","yoast_head_json":{"title":"Story - Rabbit on the roof","robots":{"index":"index","follow":"follow","max-snippet":"max-snippet:-1","max-image-preview":"max-image-preview:large","max-video-preview":"max-video-preview:-1"},"canonical":"https:\/\/www.rabbitontheroof.net\/en\/story\/","og_locale":"en_US","og_type":"article","og_title":"Story - Rabbit on the roof","og_description":"The Story Rabbit on the Roof was born from the singular journey of Peter Steltzner, a craftsman whose life moves between two passions: wood and the mountains. Originally from Sausalito, California, Peter grew up surrounded by the ocean, artisan workshops, and a culture rooted in the mastery of gesture. He first studied ceramics before dedicating [&hellip;]","og_url":"https:\/\/www.rabbitontheroof.net\/en\/story\/","og_site_name":"Rabbit on the roof","article_publisher":"https:\/\/www.facebook.com\/rabbitontheroof.skis","article_modified_time":"2026-03-02T09:04:36+00:00","og_image":[{"width":1240,"height":510,"url":"https:\/\/www.rabbitontheroof.net\/wp-content\/uploads\/2025\/12\/l-histoire.jpg","type":"image\/jpeg"}],"twitter_card":"summary_large_image","twitter_misc":{"Est. reading time":"2 minutes"},"schema":{"@context":"https:\/\/schema.org","@graph":[{"@type":"WebPage","@id":"https:\/\/www.rabbitontheroof.net\/en\/story\/","url":"https:\/\/www.rabbitontheroof.net\/en\/story\/","name":"Story - Rabbit on the roof","isPartOf":{"@id":"https:\/\/www.rabbitontheroof.net\/en\/#website"},"primaryImageOfPage":{"@id":"https:\/\/www.rabbitontheroof.net\/en\/story\/#primaryimage"},"image":{"@id":"https:\/\/www.rabbitontheroof.net\/en\/story\/#primaryimage"},"thumbnailUrl":"https:\/\/www.rabbitontheroof.net\/wp-content\/uploads\/2025\/12\/l-histoire-1024x421.jpg","datePublished":"2025-12-19T13:58:24+00:00","dateModified":"2026-03-02T09:04:36+00:00","breadcrumb":{"@id":"https:\/\/www.rabbitontheroof.net\/en\/story\/#breadcrumb"},"inLanguage":"en-US","potentialAction":[{"@type":"ReadAction","target":["https:\/\/www.rabbitontheroof.net\/en\/story\/"]}]},{"@type":"ImageObject","inLanguage":"en-US","@id":"https:\/\/www.rabbitontheroof.net\/en\/story\/#primaryimage","url":"https:\/\/www.rabbitontheroof.net\/wp-content\/uploads\/2025\/12\/l-histoire-1024x421.jpg","contentUrl":"https:\/\/www.rabbitontheroof.net\/wp-content\/uploads\/2025\/12\/l-histoire-1024x421.jpg"},{"@type":"BreadcrumbList","@id":"https:\/\/www.rabbitontheroof.net\/en\/story\/#breadcrumb","itemListElement":[{"@type":"ListItem","position":1,"name":"Accueil","item":"https:\/\/www.rabbitontheroof.net\/en\/home\/"},{"@type":"ListItem","position":2,"name":"Story"}]},{"@type":"WebSite","@id":"https:\/\/www.rabbitontheroof.net\/en\/#website","url":"https:\/\/www.rabbitontheroof.net\/en\/","name":"Rabbit on the roof","description":"Skis sur mesure","publisher":{"@id":"https:\/\/www.rabbitontheroof.net\/en\/#organization"},"potentialAction":[{"@type":"SearchAction","target":{"@type":"EntryPoint","urlTemplate":"https:\/\/www.rabbitontheroof.net\/en\/?s={search_term_string}"},"query-input":{"@type":"PropertyValueSpecification","valueRequired":true,"valueName":"search_term_string"}}],"inLanguage":"en-US"},{"@type":"Organization","@id":"https:\/\/www.rabbitontheroof.net\/en\/#organization","name":"Rabbit on the roof","url":"https:\/\/www.rabbitontheroof.net\/en\/","logo":{"@type":"ImageObject","inLanguage":"en-US","@id":"https:\/\/www.rabbitontheroof.net\/en\/#\/schema\/logo\/image\/","url":"https:\/\/www.rabbitontheroof.net\/wp-content\/uploads\/2025\/12\/rabbit-on-the-roof-arron.svg","contentUrl":"https:\/\/www.rabbitontheroof.net\/wp-content\/uploads\/2025\/12\/rabbit-on-the-roof-arron.svg","width":90,"height":58,"caption":"Rabbit on the roof"},"image":{"@id":"https:\/\/www.rabbitontheroof.net\/en\/#\/schema\/logo\/image\/"},"sameAs":["https:\/\/www.facebook.com\/rabbitontheroof.skis","https:\/\/www.instagram.com\/rabbitontheroof\/"]}]}},"_links":{"self":[{"href":"https:\/\/www.rabbitontheroof.net\/en\/wp-json\/wp\/v2\/pages\/1072","targetHints":{"allow":["GET"]}}],"collection":[{"href":"https:\/\/www.rabbitontheroof.net\/en\/wp-json\/wp\/v2\/pages"}],"about":[{"href":"https:\/\/www.rabbitontheroof.net\/en\/wp-json\/wp\/v2\/types\/page"}],"author":[{"embeddable":true,"href":"https:\/\/www.rabbitontheroof.net\/en\/wp-json\/wp\/v2\/users\/1"}],"replies":[{"embeddable":true,"href":"https:\/\/www.rabbitontheroof.net\/en\/wp-json\/wp\/v2\/comments?post=1072"}],"version-history":[{"count":4,"href":"https:\/\/www.rabbitontheroof.net\/en\/wp-json\/wp\/v2\/pages\/1072\/revisions"}],"predecessor-version":[{"id":1085,"href":"https:\/\/www.rabbitontheroof.net\/en\/wp-json\/wp\/v2\/pages\/1072\/revisions\/1085"}],"wp:attachment":[{"href":"https:\/\/www.rabbitontheroof.net\/en\/wp-json\/wp\/v2\/media?parent=1072"}],"curies":[{"name":"wp","href":"https:\/\/api.w.org\/{rel}","templated":true}]}}