{"id":1049,"date":"2025-12-19T15:36:25","date_gmt":"2025-12-19T14:36:25","guid":{"rendered":"https:\/\/www.rabbitontheroof.net\/craftsmanship\/"},"modified":"2026-02-25T10:55:14","modified_gmt":"2026-02-25T09:55:14","slug":"craftsmanship","status":"publish","type":"page","link":"https:\/\/www.rabbitontheroof.net\/en\/craftsmanship\/","title":{"rendered":"Craftsmanship"},"content":{"rendered":"\t\t<div data-elementor-type=\"wp-page\" data-elementor-id=\"1049\" class=\"elementor elementor-1049 elementor-198\" data-elementor-post-type=\"page\">\n\t\t\t\t<div class=\"elementor-element elementor-element-63639ca e-flex e-con-boxed e-con e-parent\" data-id=\"63639ca\" data-element_type=\"container\" data-e-type=\"container\">\n\t\t\t\t\t<div class=\"e-con-inner\">\n\t\t<div class=\"elementor-element elementor-element-d0e56bb e-con-full e-flex e-con e-child\" data-id=\"d0e56bb\" data-element_type=\"container\" data-e-type=\"container\">\n\t\t\t\t<div class=\"elementor-element elementor-element-a64e190 elementor-widget elementor-widget-heading\" data-id=\"a64e190\" data-element_type=\"widget\" data-e-type=\"widget\" data-widget_type=\"heading.default\">\n\t\t\t\t\t<h2 class=\"elementor-heading-title elementor-size-default\">Craftsmanship<\/h2>\t\t\t\t<\/div>\n\t\t\t\t<div class=\"elementor-element elementor-element-bb236d2 elementor-widget elementor-widget-text-editor\" data-id=\"bb236d2\" data-element_type=\"widget\" data-e-type=\"widget\" data-widget_type=\"text-editor.default\">\n\t\t\t\t\t\t\t\t\t<p>Rabbit on the Roof skis are hand-crafted wooden freeride ski, entirely produced in Chamonix by Peter Steltzner at the Les Praz sawmill.<\/p><p>Selecting the finest wood and technical materials ensures a remarkable balance of beauty and performance: Solid ash wood core, race-grade bases, tri-axial fibers, and carbon. Each pair is unique, with a second piece of wood chosen for its essence and individuality. Our approach links tradition and technical mastery with beauty and performance.<\/p><p>Shapes are developed to provide optimal glide across all terrains and snow conditions, from touring to pure freeride.<\/p><p>Rabbit on the Roof follows no trends, instead pursuing the highest quality in production and results.<\/p>\t\t\t\t\t\t\t\t<\/div>\n\t\t\t\t<div class=\"elementor-element elementor-element-664a32b elementor-widget elementor-widget-image\" data-id=\"664a32b\" data-element_type=\"widget\" data-e-type=\"widget\" data-widget_type=\"image.default\">\n\t\t\t\t\t\t\t\t\t\t\t\t\t\t\t<img fetchpriority=\"high\" decoding=\"async\" width=\"620\" height=\"883\" src=\"https:\/\/www.rabbitontheroof.net\/wp-content\/uploads\/2025\/12\/Peter-Steltzner-rabbit-on-the-roof.jpg\" class=\"attachment-large size-large wp-image-1046\" alt=\"\" srcset=\"https:\/\/www.rabbitontheroof.net\/wp-content\/uploads\/2025\/12\/Peter-Steltzner-rabbit-on-the-roof.jpg 620w, https:\/\/www.rabbitontheroof.net\/wp-content\/uploads\/2025\/12\/Peter-Steltzner-rabbit-on-the-roof-211x300.jpg 211w\" sizes=\"(max-width: 620px) 100vw, 620px\" \/>\t\t\t\t\t\t\t\t\t\t\t\t\t\t\t<\/div>\n\t\t\t\t<\/div>\n\t\t<div class=\"elementor-element elementor-element-b770cf4 e-con-full e-flex e-con e-child\" data-id=\"b770cf4\" data-element_type=\"container\" data-e-type=\"container\">\n\t\t<div class=\"elementor-element elementor-element-f3d7177 e-con-full e-flex e-con e-child\" data-id=\"f3d7177\" data-element_type=\"container\" data-e-type=\"container\">\n\t\t\t\t<div class=\"elementor-element elementor-element-c2d4163 elementor-widget elementor-widget-heading\" data-id=\"c2d4163\" data-element_type=\"widget\" data-e-type=\"widget\" data-widget_type=\"heading.default\">\n\t\t\t\t\t<h2 class=\"elementor-heading-title elementor-size-default\">Materials<\/h2>\t\t\t\t<\/div>\n\t\t\t\t<div class=\"elementor-element elementor-element-4a6ba96 elementor-widget elementor-widget-text-editor\" data-id=\"4a6ba96\" data-element_type=\"widget\" data-e-type=\"widget\" data-widget_type=\"text-editor.default\">\n\t\t\t\t\t\t\t\t\tMaterial selection is essential for glide quality and ski durability Every component is carefully chosen.\t\t\t\t\t\t\t\t<\/div>\n\t\t\t\t<\/div>\n\t\t<div class=\"elementor-element elementor-element-3c2afda e-con-full e-flex e-con e-child\" data-id=\"3c2afda\" data-element_type=\"container\" data-e-type=\"container\">\n\t\t\t\t<div class=\"elementor-element elementor-element-d7e511b elementor-widget elementor-widget-heading\" data-id=\"d7e511b\" data-element_type=\"widget\" data-e-type=\"widget\" data-widget_type=\"heading.default\">\n\t\t\t\t\t<h2 class=\"elementor-heading-title elementor-size-default\">The Wood Core<\/h2>\t\t\t\t<\/div>\n\t\t\t\t<div class=\"elementor-element elementor-element-e680f98 elementor-widget elementor-widget-text-editor\" data-id=\"e680f98\" data-element_type=\"widget\" data-e-type=\"widget\" data-widget_type=\"text-editor.default\">\n\t\t\t\t\t\t\t\t\t<p>The solid wood core forms the heart of the ski, providing balance and uniformity. Ash, sawn in our workshop, ensures flexibility and perfect damping. Ash wood has been used for centuries to make skis. It guarantees energy and long-lasting performance.<\/p><p>Le noyau en bois massif garantit une tonicit\u00e9 et une long\u00e9vit\u00e9 du ski durable dans le temps.<\/p>\t\t\t\t\t\t\t\t<\/div>\n\t\t\t\t<\/div>\n\t\t<div class=\"elementor-element elementor-element-b719f34 e-con-full e-flex e-con e-child\" data-id=\"b719f34\" data-element_type=\"container\" data-e-type=\"container\">\n\t\t\t\t<div class=\"elementor-element elementor-element-241c8aa elementor-widget elementor-widget-heading\" data-id=\"241c8aa\" data-element_type=\"widget\" data-e-type=\"widget\" data-widget_type=\"heading.default\">\n\t\t\t\t\t<h2 class=\"elementor-heading-title elementor-size-default\">Fibers<\/h2>\t\t\t\t<\/div>\n\t\t\t\t<div class=\"elementor-element elementor-element-8e604bf elementor-widget elementor-widget-text-editor\" data-id=\"8e604bf\" data-element_type=\"widget\" data-e-type=\"widget\" data-widget_type=\"text-editor.default\">\n\t\t\t\t\t\t\t\t\tUnidirectional carbon and tri-\/bi-axial fibers regulate torsion and responsiveness, allowing the wood to fully express itself and last.\t\t\t\t\t\t\t\t<\/div>\n\t\t\t\t<\/div>\n\t\t<div class=\"elementor-element elementor-element-e0e960e e-con-full e-flex e-con e-child\" data-id=\"e0e960e\" data-element_type=\"container\" data-e-type=\"container\">\n\t\t\t\t<div class=\"elementor-element elementor-element-9f1cfca elementor-widget elementor-widget-heading\" data-id=\"9f1cfca\" data-element_type=\"widget\" data-e-type=\"widget\" data-widget_type=\"heading.default\">\n\t\t\t\t\t<h2 class=\"elementor-heading-title elementor-size-default\">Bases<\/h2>\t\t\t\t<\/div>\n\t\t\t\t<div class=\"elementor-element elementor-element-0da9820 elementor-widget elementor-widget-text-editor\" data-id=\"0da9820\" data-element_type=\"widget\" data-e-type=\"widget\" data-widget_type=\"text-editor.default\">\n\t\t\t\t\t\t\t\t\tRace-grade bases for exceptional glide that improves over time and use.\t\t\t\t\t\t\t\t<\/div>\n\t\t\t\t<\/div>\n\t\t<div class=\"elementor-element elementor-element-a5159b0 e-con-full e-flex e-con e-child\" data-id=\"a5159b0\" data-element_type=\"container\" data-e-type=\"container\">\n\t\t\t\t<div class=\"elementor-element elementor-element-8b1f60e elementor-widget elementor-widget-heading\" data-id=\"8b1f60e\" data-element_type=\"widget\" data-e-type=\"widget\" data-widget_type=\"heading.default\">\n\t\t\t\t\t<h2 class=\"elementor-heading-title elementor-size-default\">Edges<\/h2>\t\t\t\t<\/div>\n\t\t\t\t<div class=\"elementor-element elementor-element-3a6234b elementor-widget elementor-widget-text-editor\" data-id=\"3a6234b\" data-element_type=\"widget\" data-e-type=\"widget\" data-widget_type=\"text-editor.default\">\n\t\t\t\t\t\t\t\t\tAustrian steel edges of the highest quality.\t\t\t\t\t\t\t\t<\/div>\n\t\t\t\t<\/div>\n\t\t<div class=\"elementor-element elementor-element-ba46f5b e-con-full e-flex e-con e-child\" data-id=\"ba46f5b\" data-element_type=\"container\" data-e-type=\"container\">\n\t\t\t\t<div class=\"elementor-element elementor-element-9e6e953 elementor-widget elementor-widget-heading\" data-id=\"9e6e953\" data-element_type=\"widget\" data-e-type=\"widget\" data-widget_type=\"heading.default\">\n\t\t\t\t\t<h2 class=\"elementor-heading-title elementor-size-default\">Durability<\/h2>\t\t\t\t<\/div>\n\t\t\t\t<div class=\"elementor-element elementor-element-cc002e0 elementor-widget elementor-widget-text-editor\" data-id=\"cc002e0\" data-element_type=\"widget\" data-e-type=\"widget\" data-widget_type=\"text-editor.default\">\n\t\t\t\t\t\t\t\t\t<p>Rabbit on the Roof skis are mountain tools. Each pair requires many hours of preparation, assembled in a hydraulic press that optimizes adhesion and uniformity. Every step ensures longevity and performance. Ski responsiveness is guaranteed for 5 years, but their lifespan is much longer.<\/p>\t\t\t\t\t\t\t\t<\/div>\n\t\t\t\t<\/div>\n\t\t<div class=\"elementor-element elementor-element-a618db1 e-con-full e-flex e-con e-child\" data-id=\"a618db1\" data-element_type=\"container\" data-e-type=\"container\">\n\t\t\t\t<div class=\"elementor-element elementor-element-7e02165 elementor-widget elementor-widget-heading\" data-id=\"7e02165\" data-element_type=\"widget\" data-e-type=\"widget\" data-widget_type=\"heading.default\">\n\t\t\t\t\t<h2 class=\"elementor-heading-title elementor-size-default\">FLEX<\/h2>\t\t\t\t<\/div>\n\t\t\t\t<div class=\"elementor-element elementor-element-4a67f5c elementor-widget elementor-widget-text-editor\" data-id=\"4a67f5c\" data-element_type=\"widget\" data-e-type=\"widget\" data-widget_type=\"text-editor.default\">\n\t\t\t\t\t\t\t\t\t<p>Depending on size and model, skis adapt to both women and men. Flex can be adjusted according to weight, style, and preference. The flex can be modified and adapted upon request.<\/p><p>All our skis can be mounted for telemark or alpine bindings, and are designed for touring, freeride, or piste. Their stability and snow damping make them superb tools in all conditions<\/p>\t\t\t\t\t\t\t\t<\/div>\n\t\t\t\t<\/div>\n\t\t\t\t<\/div>\n\t\t\t\t\t<\/div>\n\t\t\t\t<\/div>\n\t\t<div class=\"elementor-element elementor-element-19fa4cd e-flex e-con-boxed e-con e-parent\" data-id=\"19fa4cd\" data-element_type=\"container\" data-e-type=\"container\">\n\t\t\t\t\t<div class=\"e-con-inner\">\n\t\t\t\t<div class=\"elementor-element elementor-element-96c8574 elementor-widget__width-initial elementor-widget elementor-widget-text-editor\" data-id=\"96c8574\" data-element_type=\"widget\" data-e-type=\"widget\" data-widget_type=\"text-editor.default\">\n\t\t\t\t\t\t\t\t\t\u201cOur approach links tradition and technical mastery with beauty and performance.\u201d\t\t\t\t\t\t\t\t<\/div>\n\t\t\t\t\t<\/div>\n\t\t\t\t<\/div>\n\t\t\t\t<\/div>\n\t\t","protected":false},"excerpt":{"rendered":"<p>Craftsmanship Rabbit on the Roof skis are hand-crafted wooden freeride ski, entirely produced in Chamonix by Peter Steltzner at the Les Praz sawmill. Selecting the finest wood and technical materials ensures a remarkable balance of beauty and performance: Solid ash wood core, race-grade bases, tri-axial fibers, and carbon. Each pair is unique, with a second [&hellip;]<\/p>\n","protected":false},"author":1,"featured_media":0,"parent":0,"menu_order":0,"comment_status":"closed","ping_status":"closed","template":"","meta":{"footnotes":""},"class_list":["post-1049","page","type-page","status-publish","hentry"],"yoast_head":"<!-- This site is optimized with the Yoast SEO plugin v27.3 - https:\/\/yoast.com\/product\/yoast-seo-wordpress\/ -->\n<title>Craftsmanship - Rabbit on the roof<\/title>\n<meta name=\"robots\" content=\"index, follow, max-snippet:-1, max-image-preview:large, max-video-preview:-1\" \/>\n<link rel=\"canonical\" href=\"https:\/\/www.rabbitontheroof.net\/en\/craftsmanship\/\" \/>\n<meta property=\"og:locale\" content=\"en_US\" \/>\n<meta property=\"og:type\" content=\"article\" \/>\n<meta property=\"og:title\" content=\"Craftsmanship - Rabbit on the roof\" \/>\n<meta property=\"og:description\" content=\"Craftsmanship Rabbit on the Roof skis are hand-crafted wooden freeride ski, entirely produced in Chamonix by Peter Steltzner at the Les Praz sawmill. Selecting the finest wood and technical materials ensures a remarkable balance of beauty and performance: Solid ash wood core, race-grade bases, tri-axial fibers, and carbon. Each pair is unique, with a second [&hellip;]\" \/>\n<meta property=\"og:url\" content=\"https:\/\/www.rabbitontheroof.net\/en\/craftsmanship\/\" \/>\n<meta property=\"og:site_name\" content=\"Rabbit on the roof\" \/>\n<meta property=\"article:publisher\" content=\"https:\/\/www.facebook.com\/rabbitontheroof.skis\" \/>\n<meta property=\"article:modified_time\" content=\"2026-02-25T09:55:14+00:00\" \/>\n<meta property=\"og:image\" content=\"https:\/\/www.rabbitontheroof.net\/wp-content\/uploads\/2025\/12\/Peter-Steltzner-rabbit-on-the-roof.jpg\" \/>\n\t<meta property=\"og:image:width\" content=\"620\" \/>\n\t<meta property=\"og:image:height\" content=\"883\" \/>\n\t<meta property=\"og:image:type\" content=\"image\/jpeg\" \/>\n<meta name=\"twitter:card\" content=\"summary_large_image\" \/>\n<meta name=\"twitter:label1\" content=\"Est. reading time\" \/>\n\t<meta name=\"twitter:data1\" content=\"2 minutes\" \/>\n<script type=\"application\/ld+json\" class=\"yoast-schema-graph\">{\"@context\":\"https:\\\/\\\/schema.org\",\"@graph\":[{\"@type\":\"WebPage\",\"@id\":\"https:\\\/\\\/www.rabbitontheroof.net\\\/en\\\/craftsmanship\\\/\",\"url\":\"https:\\\/\\\/www.rabbitontheroof.net\\\/en\\\/craftsmanship\\\/\",\"name\":\"Craftsmanship - Rabbit on the roof\",\"isPartOf\":{\"@id\":\"https:\\\/\\\/www.rabbitontheroof.net\\\/en\\\/#website\"},\"primaryImageOfPage\":{\"@id\":\"https:\\\/\\\/www.rabbitontheroof.net\\\/en\\\/craftsmanship\\\/#primaryimage\"},\"image\":{\"@id\":\"https:\\\/\\\/www.rabbitontheroof.net\\\/en\\\/craftsmanship\\\/#primaryimage\"},\"thumbnailUrl\":\"https:\\\/\\\/www.rabbitontheroof.net\\\/wp-content\\\/uploads\\\/2025\\\/12\\\/Peter-Steltzner-rabbit-on-the-roof.jpg\",\"datePublished\":\"2025-12-19T14:36:25+00:00\",\"dateModified\":\"2026-02-25T09:55:14+00:00\",\"breadcrumb\":{\"@id\":\"https:\\\/\\\/www.rabbitontheroof.net\\\/en\\\/craftsmanship\\\/#breadcrumb\"},\"inLanguage\":\"en-US\",\"potentialAction\":[{\"@type\":\"ReadAction\",\"target\":[\"https:\\\/\\\/www.rabbitontheroof.net\\\/en\\\/craftsmanship\\\/\"]}]},{\"@type\":\"ImageObject\",\"inLanguage\":\"en-US\",\"@id\":\"https:\\\/\\\/www.rabbitontheroof.net\\\/en\\\/craftsmanship\\\/#primaryimage\",\"url\":\"https:\\\/\\\/www.rabbitontheroof.net\\\/wp-content\\\/uploads\\\/2025\\\/12\\\/Peter-Steltzner-rabbit-on-the-roof.jpg\",\"contentUrl\":\"https:\\\/\\\/www.rabbitontheroof.net\\\/wp-content\\\/uploads\\\/2025\\\/12\\\/Peter-Steltzner-rabbit-on-the-roof.jpg\"},{\"@type\":\"BreadcrumbList\",\"@id\":\"https:\\\/\\\/www.rabbitontheroof.net\\\/en\\\/craftsmanship\\\/#breadcrumb\",\"itemListElement\":[{\"@type\":\"ListItem\",\"position\":1,\"name\":\"Accueil\",\"item\":\"https:\\\/\\\/www.rabbitontheroof.net\\\/en\\\/home\\\/\"},{\"@type\":\"ListItem\",\"position\":2,\"name\":\"Craftsmanship\"}]},{\"@type\":\"WebSite\",\"@id\":\"https:\\\/\\\/www.rabbitontheroof.net\\\/en\\\/#website\",\"url\":\"https:\\\/\\\/www.rabbitontheroof.net\\\/en\\\/\",\"name\":\"Rabbit on the roof\",\"description\":\"Skis sur mesure\",\"publisher\":{\"@id\":\"https:\\\/\\\/www.rabbitontheroof.net\\\/en\\\/#organization\"},\"potentialAction\":[{\"@type\":\"SearchAction\",\"target\":{\"@type\":\"EntryPoint\",\"urlTemplate\":\"https:\\\/\\\/www.rabbitontheroof.net\\\/en\\\/?s={search_term_string}\"},\"query-input\":{\"@type\":\"PropertyValueSpecification\",\"valueRequired\":true,\"valueName\":\"search_term_string\"}}],\"inLanguage\":\"en-US\"},{\"@type\":\"Organization\",\"@id\":\"https:\\\/\\\/www.rabbitontheroof.net\\\/en\\\/#organization\",\"name\":\"Rabbit on the roof\",\"url\":\"https:\\\/\\\/www.rabbitontheroof.net\\\/en\\\/\",\"logo\":{\"@type\":\"ImageObject\",\"inLanguage\":\"en-US\",\"@id\":\"https:\\\/\\\/www.rabbitontheroof.net\\\/en\\\/#\\\/schema\\\/logo\\\/image\\\/\",\"url\":\"https:\\\/\\\/www.rabbitontheroof.net\\\/wp-content\\\/uploads\\\/2025\\\/12\\\/rabbit-on-the-roof-arron.svg\",\"contentUrl\":\"https:\\\/\\\/www.rabbitontheroof.net\\\/wp-content\\\/uploads\\\/2025\\\/12\\\/rabbit-on-the-roof-arron.svg\",\"width\":90,\"height\":58,\"caption\":\"Rabbit on the roof\"},\"image\":{\"@id\":\"https:\\\/\\\/www.rabbitontheroof.net\\\/en\\\/#\\\/schema\\\/logo\\\/image\\\/\"},\"sameAs\":[\"https:\\\/\\\/www.facebook.com\\\/rabbitontheroof.skis\",\"https:\\\/\\\/www.instagram.com\\\/rabbitontheroof\\\/\"]}]}<\/script>\n<!-- \/ Yoast SEO plugin. -->","yoast_head_json":{"title":"Craftsmanship - Rabbit on the roof","robots":{"index":"index","follow":"follow","max-snippet":"max-snippet:-1","max-image-preview":"max-image-preview:large","max-video-preview":"max-video-preview:-1"},"canonical":"https:\/\/www.rabbitontheroof.net\/en\/craftsmanship\/","og_locale":"en_US","og_type":"article","og_title":"Craftsmanship - Rabbit on the roof","og_description":"Craftsmanship Rabbit on the Roof skis are hand-crafted wooden freeride ski, entirely produced in Chamonix by Peter Steltzner at the Les Praz sawmill. Selecting the finest wood and technical materials ensures a remarkable balance of beauty and performance: Solid ash wood core, race-grade bases, tri-axial fibers, and carbon. Each pair is unique, with a second [&hellip;]","og_url":"https:\/\/www.rabbitontheroof.net\/en\/craftsmanship\/","og_site_name":"Rabbit on the roof","article_publisher":"https:\/\/www.facebook.com\/rabbitontheroof.skis","article_modified_time":"2026-02-25T09:55:14+00:00","og_image":[{"width":620,"height":883,"url":"https:\/\/www.rabbitontheroof.net\/wp-content\/uploads\/2025\/12\/Peter-Steltzner-rabbit-on-the-roof.jpg","type":"image\/jpeg"}],"twitter_card":"summary_large_image","twitter_misc":{"Est. reading time":"2 minutes"},"schema":{"@context":"https:\/\/schema.org","@graph":[{"@type":"WebPage","@id":"https:\/\/www.rabbitontheroof.net\/en\/craftsmanship\/","url":"https:\/\/www.rabbitontheroof.net\/en\/craftsmanship\/","name":"Craftsmanship - Rabbit on the roof","isPartOf":{"@id":"https:\/\/www.rabbitontheroof.net\/en\/#website"},"primaryImageOfPage":{"@id":"https:\/\/www.rabbitontheroof.net\/en\/craftsmanship\/#primaryimage"},"image":{"@id":"https:\/\/www.rabbitontheroof.net\/en\/craftsmanship\/#primaryimage"},"thumbnailUrl":"https:\/\/www.rabbitontheroof.net\/wp-content\/uploads\/2025\/12\/Peter-Steltzner-rabbit-on-the-roof.jpg","datePublished":"2025-12-19T14:36:25+00:00","dateModified":"2026-02-25T09:55:14+00:00","breadcrumb":{"@id":"https:\/\/www.rabbitontheroof.net\/en\/craftsmanship\/#breadcrumb"},"inLanguage":"en-US","potentialAction":[{"@type":"ReadAction","target":["https:\/\/www.rabbitontheroof.net\/en\/craftsmanship\/"]}]},{"@type":"ImageObject","inLanguage":"en-US","@id":"https:\/\/www.rabbitontheroof.net\/en\/craftsmanship\/#primaryimage","url":"https:\/\/www.rabbitontheroof.net\/wp-content\/uploads\/2025\/12\/Peter-Steltzner-rabbit-on-the-roof.jpg","contentUrl":"https:\/\/www.rabbitontheroof.net\/wp-content\/uploads\/2025\/12\/Peter-Steltzner-rabbit-on-the-roof.jpg"},{"@type":"BreadcrumbList","@id":"https:\/\/www.rabbitontheroof.net\/en\/craftsmanship\/#breadcrumb","itemListElement":[{"@type":"ListItem","position":1,"name":"Accueil","item":"https:\/\/www.rabbitontheroof.net\/en\/home\/"},{"@type":"ListItem","position":2,"name":"Craftsmanship"}]},{"@type":"WebSite","@id":"https:\/\/www.rabbitontheroof.net\/en\/#website","url":"https:\/\/www.rabbitontheroof.net\/en\/","name":"Rabbit on the roof","description":"Skis sur mesure","publisher":{"@id":"https:\/\/www.rabbitontheroof.net\/en\/#organization"},"potentialAction":[{"@type":"SearchAction","target":{"@type":"EntryPoint","urlTemplate":"https:\/\/www.rabbitontheroof.net\/en\/?s={search_term_string}"},"query-input":{"@type":"PropertyValueSpecification","valueRequired":true,"valueName":"search_term_string"}}],"inLanguage":"en-US"},{"@type":"Organization","@id":"https:\/\/www.rabbitontheroof.net\/en\/#organization","name":"Rabbit on the roof","url":"https:\/\/www.rabbitontheroof.net\/en\/","logo":{"@type":"ImageObject","inLanguage":"en-US","@id":"https:\/\/www.rabbitontheroof.net\/en\/#\/schema\/logo\/image\/","url":"https:\/\/www.rabbitontheroof.net\/wp-content\/uploads\/2025\/12\/rabbit-on-the-roof-arron.svg","contentUrl":"https:\/\/www.rabbitontheroof.net\/wp-content\/uploads\/2025\/12\/rabbit-on-the-roof-arron.svg","width":90,"height":58,"caption":"Rabbit on the roof"},"image":{"@id":"https:\/\/www.rabbitontheroof.net\/en\/#\/schema\/logo\/image\/"},"sameAs":["https:\/\/www.facebook.com\/rabbitontheroof.skis","https:\/\/www.instagram.com\/rabbitontheroof\/"]}]}},"_links":{"self":[{"href":"https:\/\/www.rabbitontheroof.net\/en\/wp-json\/wp\/v2\/pages\/1049","targetHints":{"allow":["GET"]}}],"collection":[{"href":"https:\/\/www.rabbitontheroof.net\/en\/wp-json\/wp\/v2\/pages"}],"about":[{"href":"https:\/\/www.rabbitontheroof.net\/en\/wp-json\/wp\/v2\/types\/page"}],"author":[{"embeddable":true,"href":"https:\/\/www.rabbitontheroof.net\/en\/wp-json\/wp\/v2\/users\/1"}],"replies":[{"embeddable":true,"href":"https:\/\/www.rabbitontheroof.net\/en\/wp-json\/wp\/v2\/comments?post=1049"}],"version-history":[{"count":1,"href":"https:\/\/www.rabbitontheroof.net\/en\/wp-json\/wp\/v2\/pages\/1049\/revisions"}],"predecessor-version":[{"id":1050,"href":"https:\/\/www.rabbitontheroof.net\/en\/wp-json\/wp\/v2\/pages\/1049\/revisions\/1050"}],"wp:attachment":[{"href":"https:\/\/www.rabbitontheroof.net\/en\/wp-json\/wp\/v2\/media?parent=1049"}],"curies":[{"name":"wp","href":"https:\/\/api.w.org\/{rel}","templated":true}]}}